{"id":41,"date":"2023-07-13T16:51:14","date_gmt":"2023-07-13T19:51:14","guid":{"rendered":"https:\/\/natorganico.com\/?page_id=41"},"modified":"2024-03-14T16:51:36","modified_gmt":"2024-03-14T19:51:36","slug":"quem-somos","status":"publish","type":"page","link":"https:\/\/natorganico.com\/en\/quem-somos\/","title":{"rendered":"Who we are"},"content":{"rendered":"<div data-elementor-type=\"wp-page\" data-elementor-id=\"41\" class=\"elementor elementor-41\" data-elementor-post-type=\"page\">\n\t\t\t\t\t\t\t<div class=\"has_ae_slider elementor-element elementor-element-201e02e e-flex e-con-boxed ae-bg-gallery-type-default e-con e-parent\" data-id=\"201e02e\" data-element_type=\"container\" data-settings=\"{&quot;content_width&quot;:&quot;boxed&quot;}\" data-core-v316-plus=\"true\">\n\t\t\t\t\t<div class=\"e-con-inner\">\n\t\t\t\t<div class=\"elementor-element elementor-element-275c911 elementor-widget elementor-widget-image\" data-id=\"275c911\" data-element_type=\"widget\" data-widget_type=\"image.default\">\n\t\t\t\t<div class=\"elementor-widget-container\">\n\t\t\t<style>\/*! elementor - v3.16.0 - 20-09-2023 *\/\n.elementor-widget-image{text-align:center}.elementor-widget-image a{display:inline-block}.elementor-widget-image a img[src$=\".svg\"]{width:48px}.elementor-widget-image img{vertical-align:middle;display:inline-block}<\/style>\t\t\t\t\t\t\t\t\t\t\t\t<img decoding=\"async\" loading=\"lazy\" width=\"471\" height=\"108\" src=\"https:\/\/natorganico.com\/wp-content\/uploads\/2023\/07\/logo-NatOrganico-verde-web.webp\" class=\"attachment-full size-full wp-image-53\" alt=\"\" srcset=\"https:\/\/natorganico.com\/wp-content\/uploads\/2023\/07\/logo-NatOrganico-verde-web.webp 471w, https:\/\/natorganico.com\/wp-content\/uploads\/2023\/07\/logo-NatOrganico-verde-web-300x69.webp 300w\" sizes=\"(max-width: 471px) 100vw, 471px\" \/>\t\t\t\t\t\t\t\t\t\t\t\t\t\t\t<\/div>\n\t\t\t\t<\/div>\n\t\t\t\t<div class=\"elementor-element elementor-element-7171e5d elementor-widget elementor-widget-heading\" data-id=\"7171e5d\" data-element_type=\"widget\" data-widget_type=\"heading.default\">\n\t\t\t\t<div class=\"elementor-widget-container\">\n\t\t\t<style>\/*! elementor - v3.16.0 - 20-09-2023 *\/\n.elementor-heading-title{padding:0;margin:0;line-height:1}.elementor-widget-heading .elementor-heading-title[class*=elementor-size-]>a{color:inherit;font-size:inherit;line-height:inherit}.elementor-widget-heading .elementor-heading-title.elementor-size-small{font-size:15px}.elementor-widget-heading .elementor-heading-title.elementor-size-medium{font-size:19px}.elementor-widget-heading .elementor-heading-title.elementor-size-large{font-size:29px}.elementor-widget-heading .elementor-heading-title.elementor-size-xl{font-size:39px}.elementor-widget-heading .elementor-heading-title.elementor-size-xxl{font-size:59px}<\/style><h1 class=\"elementor-heading-title elementor-size-default\">NAT'ORGANICO is a 100% Brazilian company specialized in the export of natural, organic and traditional products.<\/h1>\t\t<\/div>\n\t\t\t\t<\/div>\n\t\t\t\t\t<\/div>\n\t\t\t\t<\/div>\n\t\t<div class=\"has_ae_slider elementor-element elementor-element-df901c6 e-flex e-con-boxed ae-bg-gallery-type-default e-con e-parent\" data-id=\"df901c6\" data-element_type=\"container\" data-settings=\"{&quot;content_width&quot;:&quot;boxed&quot;}\" data-core-v316-plus=\"true\">\n\t\t\t\t\t<div class=\"e-con-inner\">\n\t\t<div class=\"has_ae_slider elementor-element elementor-element-cf8d4ff e-con-full e-flex ae-bg-gallery-type-default e-con e-child\" data-id=\"cf8d4ff\" data-element_type=\"container\" data-settings=\"{&quot;content_width&quot;:&quot;full&quot;}\">\n\t\t\t\t<div class=\"elementor-element elementor-element-2abe31a elementor-widget elementor-widget-text-editor\" data-id=\"2abe31a\" data-element_type=\"widget\" data-widget_type=\"text-editor.default\">\n\t\t\t\t<div class=\"elementor-widget-container\">\n\t\t\t<style>\/*! elementor - v3.16.0 - 20-09-2023 *\/\n.elementor-widget-text-editor.elementor-drop-cap-view-stacked .elementor-drop-cap{background-color:#69727d;color:#fff}.elementor-widget-text-editor.elementor-drop-cap-view-framed .elementor-drop-cap{color:#69727d;border:3px solid;background-color:transparent}.elementor-widget-text-editor:not(.elementor-drop-cap-view-default) .elementor-drop-cap{margin-top:8px}.elementor-widget-text-editor:not(.elementor-drop-cap-view-default) .elementor-drop-cap-letter{width:1em;height:1em}.elementor-widget-text-editor .elementor-drop-cap{float:left;text-align:center;line-height:1;font-size:50px}.elementor-widget-text-editor .elementor-drop-cap-letter{display:inline-block}<\/style>\t\t\t\t<p>Com sede localizada na cidade de Fortaleza, no nordeste do Brasil, somos pioneiros na certifica\u00e7\u00e3o Org\u00e2nica e Fair Trade do Guaran\u00e1, de Tonka Beans (Cumaru), Erva Mate, Ginseng Brasileiro e Acerola. Nossa gama de produtos org\u00e2nicos tamb\u00e9m inclui, A\u00e7a\u00ed, Pequi, Andiroba, al\u00e9m de v\u00e1rios tipos de \u00d3leos, Extratos e Plantas da Amaz\u00f4nia.<\/p><p>To offer high quality products to our customers, we work in partnership with small producers who farm organically and sustainably, without the use of pesticides, fertilizers or genetically modified seeds.<\/p><p>A certifica\u00e7\u00e3o Fair Trade demonstra o compromisso da empresa em valorizar o pequeno produtor e promover as rela\u00e7\u00f5es de com\u00e9rcio com ambiente de trabalho seguro e saud\u00e1vel, al\u00e9m de renda justa para todos os produtores.<\/p>\t\t\t\t\t\t<\/div>\n\t\t\t\t<\/div>\n\t\t\t\t<\/div>\n\t\t<div class=\"has_ae_slider elementor-element elementor-element-538cfe9 e-flex e-con-boxed ae-bg-gallery-type-default e-con e-child\" data-id=\"538cfe9\" data-element_type=\"container\" data-settings=\"{&quot;content_width&quot;:&quot;boxed&quot;}\">\n\t\t\t\t\t<div class=\"e-con-inner\">\n\t\t\t\t<div class=\"elementor-element elementor-element-063c02f elementor-widget elementor-widget-image\" data-id=\"063c02f\" data-element_type=\"widget\" data-widget_type=\"image.default\">\n\t\t\t\t<div class=\"elementor-widget-container\">\n\t\t\t\t\t\t\t\t\t\t\t\t\t\t\t<img decoding=\"async\" loading=\"lazy\" width=\"851\" height=\"851\" src=\"https:\/\/natorganico.com\/wp-content\/uploads\/2023\/07\/Group-33-web.webp\" class=\"attachment-full size-full wp-image-71\" alt=\"\" srcset=\"https:\/\/natorganico.com\/wp-content\/uploads\/2023\/07\/Group-33-web.webp 851w, https:\/\/natorganico.com\/wp-content\/uploads\/2023\/07\/Group-33-web-300x300.webp 300w, https:\/\/natorganico.com\/wp-content\/uploads\/2023\/07\/Group-33-web-150x150.webp 150w, https:\/\/natorganico.com\/wp-content\/uploads\/2023\/07\/Group-33-web-768x768.webp 768w\" sizes=\"(max-width: 851px) 100vw, 851px\" \/>\t\t\t\t\t\t\t\t\t\t\t\t\t\t\t<\/div>\n\t\t\t\t<\/div>\n\t\t\t\t\t<\/div>\n\t\t\t\t<\/div>\n\t\t\t\t\t<\/div>\n\t\t\t\t<\/div>\n\t\t<div class=\"has_ae_slider elementor-element elementor-element-0034ec5 e-flex e-con-boxed ae-bg-gallery-type-default e-con e-parent\" data-id=\"0034ec5\" data-element_type=\"container\" data-settings=\"{&quot;content_width&quot;:&quot;boxed&quot;}\" data-core-v316-plus=\"true\">\n\t\t\t\t\t<div class=\"e-con-inner\">\n\t\t<div class=\"has_ae_slider elementor-element elementor-element-d143df5 e-con-full e-flex ae-bg-gallery-type-default e-con e-child\" data-id=\"d143df5\" data-element_type=\"container\" data-settings=\"{&quot;content_width&quot;:&quot;full&quot;}\">\n\t\t\t\t<div class=\"elementor-element elementor-element-34accb1 elementor-arrows-position-inside elementor-widget elementor-widget-image-carousel\" data-id=\"34accb1\" data-element_type=\"widget\" data-settings=\"{&quot;slides_to_show&quot;:&quot;1&quot;,&quot;navigation&quot;:&quot;arrows&quot;,&quot;autoplay&quot;:&quot;yes&quot;,&quot;pause_on_hover&quot;:&quot;yes&quot;,&quot;pause_on_interaction&quot;:&quot;yes&quot;,&quot;autoplay_speed&quot;:5000,&quot;infinite&quot;:&quot;yes&quot;,&quot;effect&quot;:&quot;slide&quot;,&quot;speed&quot;:500}\" data-widget_type=\"image-carousel.default\">\n\t\t\t\t<div class=\"elementor-widget-container\">\n\t\t\t<style>\/*! elementor - v3.16.0 - 20-09-2023 *\/\n.elementor-widget-image-carousel .swiper,.elementor-widget-image-carousel .swiper-container{position:static}.elementor-widget-image-carousel .swiper-container .swiper-slide figure,.elementor-widget-image-carousel .swiper .swiper-slide figure{line-height:inherit}.elementor-widget-image-carousel .swiper-slide{text-align:center}.elementor-image-carousel-wrapper:not(.swiper-container-initialized):not(.swiper-initialized) .swiper-slide{max-width:calc(100% \/ var(--e-image-carousel-slides-to-show, 3))}<\/style>\t\t<div class=\"elementor-image-carousel-wrapper swiper\" dir=\"ltr\">\n\t\t\t<div class=\"elementor-image-carousel swiper-wrapper\" aria-live=\"off\">\n\t\t\t\t\t\t\t\t<div class=\"swiper-slide\" role=\"group\" aria-roledescription=\"slide\" aria-label=\"1 of 1\"><figure class=\"swiper-slide-inner\"><img decoding=\"async\" class=\"swiper-slide-image\" src=\"https:\/\/natorganico.com\/wp-content\/uploads\/2023\/11\/environment-earth-day-hands-trees-growing-seedlings-bokeh-green-background-female-hand-1-scaled.jpg\" alt=\"environment-earth-day-hands-trees-growing-seedlings-bokeh-green-background-female-hand\" \/><\/figure><\/div>\t\t\t<\/div>\n\t\t\t\t\t<\/div>\n\t\t\t\t<\/div>\n\t\t\t\t<\/div>\n\t\t\t\t<div class=\"elementor-element elementor-element-0840896 elementor-icon-list--layout-traditional elementor-list-item-link-full_width elementor-widget elementor-widget-icon-list\" data-id=\"0840896\" data-element_type=\"widget\" data-widget_type=\"icon-list.default\">\n\t\t\t\t<div class=\"elementor-widget-container\">\n\t\t\t<link rel=\"stylesheet\" href=\"https:\/\/natorganico.com\/wp-content\/plugins\/elementor\/assets\/css\/widget-icon-list.min.css\">\t\t<ul class=\"elementor-icon-list-items\">\n\t\t\t\t\t\t\t<li class=\"elementor-icon-list-item\">\n\t\t\t\t\t\t\t\t\t\t\t<span class=\"elementor-icon-list-icon\">\n\t\t\t\t\t\t\t<i aria-hidden=\"true\" class=\"fab fa-instagram\"><\/i>\t\t\t\t\t\t<\/span>\n\t\t\t\t\t\t\t\t\t\t<span class=\"elementor-icon-list-text\">natorganico<\/span>\n\t\t\t\t\t\t\t\t\t<\/li>\n\t\t\t\t\t\t<\/ul>\n\t\t\t\t<\/div>\n\t\t\t\t<\/div>\n\t\t\t\t<\/div>\n\t\t<div class=\"has_ae_slider elementor-element elementor-element-527e736 e-flex e-con-boxed ae-bg-gallery-type-default e-con e-child\" data-id=\"527e736\" data-element_type=\"container\" data-settings=\"{&quot;content_width&quot;:&quot;boxed&quot;}\">\n\t\t\t\t\t<div class=\"e-con-inner\">\n\t\t\t\t<div class=\"elementor-element elementor-element-44f65c6 elementor-widget elementor-widget-heading\" data-id=\"44f65c6\" data-element_type=\"widget\" data-widget_type=\"heading.default\">\n\t\t\t\t<div class=\"elementor-widget-container\">\n\t\t\t<h2 class=\"elementor-heading-title elementor-size-default\">Mission<\/h2>\t\t<\/div>\n\t\t\t\t<\/div>\n\t\t\t\t<div class=\"elementor-element elementor-element-a3f5776 elementor-widget elementor-widget-text-editor\" data-id=\"a3f5776\" data-element_type=\"widget\" data-widget_type=\"text-editor.default\">\n\t\t\t\t<div class=\"elementor-widget-container\">\n\t\t\t\t\t\t\t<p>Provide organic and natural products to the international market, seeking excellence in service, quality and organic and fair trade certifications, thus contributing to socioeconomic development, as well as the quality of life of producers and their communities.<\/p>\t\t\t\t\t\t<\/div>\n\t\t\t\t<\/div>\n\t\t\t\t<div class=\"elementor-element elementor-element-cc7cac8 elementor-widget elementor-widget-heading\" data-id=\"cc7cac8\" data-element_type=\"widget\" data-widget_type=\"heading.default\">\n\t\t\t\t<div class=\"elementor-widget-container\">\n\t\t\t<h2 class=\"elementor-heading-title elementor-size-default\">Vision<\/h2>\t\t<\/div>\n\t\t\t\t<\/div>\n\t\t\t\t<div class=\"elementor-element elementor-element-4a3b051 elementor-widget elementor-widget-text-editor\" data-id=\"4a3b051\" data-element_type=\"widget\" data-widget_type=\"text-editor.default\">\n\t\t\t\t<div class=\"elementor-widget-container\">\n\t\t\t\t\t\t\t<p>Ser refer\u00eancia no mercado de exporta\u00e7\u00e3o de org\u00e2nicos, visando engajamento em projetos voltados aos fornecedores e produtores locais, objetivando um mercado mais igualit\u00e1rio que forne\u00e7a produtos saud\u00e1veis e sustent\u00e1veis.<\/p>\t\t\t\t\t\t<\/div>\n\t\t\t\t<\/div>\n\t\t\t\t<div class=\"elementor-element elementor-element-f10854b elementor-widget elementor-widget-heading\" data-id=\"f10854b\" data-element_type=\"widget\" data-widget_type=\"heading.default\">\n\t\t\t\t<div class=\"elementor-widget-container\">\n\t\t\t<h2 class=\"elementor-heading-title elementor-size-default\">Values<\/h2>\t\t<\/div>\n\t\t\t\t<\/div>\n\t\t\t\t<div class=\"elementor-element elementor-element-dba50ac elementor-widget elementor-widget-text-editor\" data-id=\"dba50ac\" data-element_type=\"widget\" data-widget_type=\"text-editor.default\">\n\t\t\t\t<div class=\"elementor-widget-container\">\n\t\t\t\t\t\t\t<ul><li>Valuing people;<\/li><li>Socio-environmental responsibility;<\/li><li>Transparency;<\/li><li>Respect for customers and partners.<\/li><\/ul>\t\t\t\t\t\t<\/div>\n\t\t\t\t<\/div>\n\t\t\t\t\t<\/div>\n\t\t\t\t<\/div>\n\t\t\t\t\t<\/div>\n\t\t\t\t<\/div>\n\t\t<div class=\"has_ae_slider elementor-element elementor-element-0df81c6 e-con-full e-flex ae-bg-gallery-type-default e-con e-parent\" data-id=\"0df81c6\" data-element_type=\"container\" data-settings=\"{&quot;content_width&quot;:&quot;full&quot;}\" data-core-v316-plus=\"true\">\n\t\t\t\t<div class=\"elementor-element elementor-element-b8e3475 elementor-widget elementor-widget-image\" data-id=\"b8e3475\" data-element_type=\"widget\" data-widget_type=\"image.default\">\n\t\t\t\t<div class=\"elementor-widget-container\">\n\t\t\t\t\t\t\t\t\t\t\t\t\t\t\t<img decoding=\"async\" loading=\"lazy\" width=\"1920\" height=\"229\" src=\"https:\/\/natorganico.com\/wp-content\/uploads\/2023\/08\/folha-background-web.webp\" class=\"attachment-full size-full wp-image-291\" alt=\"\" srcset=\"https:\/\/natorganico.com\/wp-content\/uploads\/2023\/08\/folha-background-web.webp 1920w, https:\/\/natorganico.com\/wp-content\/uploads\/2023\/08\/folha-background-web-300x36.webp 300w, https:\/\/natorganico.com\/wp-content\/uploads\/2023\/08\/folha-background-web-1024x122.webp 1024w, https:\/\/natorganico.com\/wp-content\/uploads\/2023\/08\/folha-background-web-768x92.webp 768w, https:\/\/natorganico.com\/wp-content\/uploads\/2023\/08\/folha-background-web-1536x183.webp 1536w\" sizes=\"(max-width: 1920px) 100vw, 1920px\" \/>\t\t\t\t\t\t\t\t\t\t\t\t\t\t\t<\/div>\n\t\t\t\t<\/div>\n\t\t\t\t<\/div>\n\t\t\t\t\t\t\t<\/div>","protected":false},"excerpt":{"rendered":"<p>NAT\u2019ORGANICO \u00e9 uma empresa 100% brasileira especializada na exporta\u00e7\u00e3o de produtos naturais, org\u00e2nicos e tradicionais. Com sede localizada na cidade de Fortaleza, no nordeste do Brasil, somos pioneiros na certifica\u00e7\u00e3o Org\u00e2nica e Fair Trade do Guaran\u00e1, de Tonka Beans (Cumaru), Erva Mate, Ginseng Brasileiro e Acerola. Nossa gama de produtos org\u00e2nicos tamb\u00e9m inclui, A\u00e7a\u00ed, Pequi, [&hellip;]<\/p>","protected":false},"author":2,"featured_media":0,"parent":0,"menu_order":0,"comment_status":"closed","ping_status":"closed","template":"","meta":{"footnotes":""},"_links":{"self":[{"href":"https:\/\/natorganico.com\/en\/wp-json\/wp\/v2\/pages\/41"}],"collection":[{"href":"https:\/\/natorganico.com\/en\/wp-json\/wp\/v2\/pages"}],"about":[{"href":"https:\/\/natorganico.com\/en\/wp-json\/wp\/v2\/types\/page"}],"author":[{"embeddable":true,"href":"https:\/\/natorganico.com\/en\/wp-json\/wp\/v2\/users\/2"}],"replies":[{"embeddable":true,"href":"https:\/\/natorganico.com\/en\/wp-json\/wp\/v2\/comments?post=41"}],"version-history":[{"count":40,"href":"https:\/\/natorganico.com\/en\/wp-json\/wp\/v2\/pages\/41\/revisions"}],"predecessor-version":[{"id":1101,"href":"https:\/\/natorganico.com\/en\/wp-json\/wp\/v2\/pages\/41\/revisions\/1101"}],"wp:attachment":[{"href":"https:\/\/natorganico.com\/en\/wp-json\/wp\/v2\/media?parent=41"}],"curies":[{"name":"wp","href":"https:\/\/api.w.org\/{rel}","templated":true}]}}