{"id":324,"date":"2023-08-07T17:07:27","date_gmt":"2023-08-07T20:07:27","guid":{"rendered":"https:\/\/natorganico.com\/?page_id=324"},"modified":"2024-03-14T17:10:55","modified_gmt":"2024-03-14T20:10:55","slug":"sustentabilidade","status":"publish","type":"page","link":"https:\/\/natorganico.com\/en\/sustentabilidade\/","title":{"rendered":"Sustainability"},"content":{"rendered":"<div data-elementor-type=\"wp-page\" data-elementor-id=\"324\" class=\"elementor elementor-324\" data-elementor-post-type=\"page\">\n\t\t\t\t\t\t\t<div class=\"has_ae_slider elementor-element elementor-element-344ee40 e-con-full e-flex ae-bg-gallery-type-default e-con e-parent\" data-id=\"344ee40\" data-element_type=\"container\" data-settings=\"{&quot;content_width&quot;:&quot;full&quot;}\" data-core-v316-plus=\"true\">\n\t\t<div class=\"has_ae_slider elementor-element elementor-element-a4a2f75 e-flex e-con-boxed ae-bg-gallery-type-default e-con e-child\" data-id=\"a4a2f75\" data-element_type=\"container\" data-settings=\"{&quot;content_width&quot;:&quot;boxed&quot;}\">\n\t\t\t\t\t<div class=\"e-con-inner\">\n\t\t\t\t<div class=\"elementor-element elementor-element-281fb77 elementor-widget elementor-widget-heading\" data-id=\"281fb77\" data-element_type=\"widget\" data-widget_type=\"heading.default\">\n\t\t\t\t<div class=\"elementor-widget-container\">\n\t\t\t<style>\/*! elementor - v3.16.0 - 20-09-2023 *\/\n.elementor-heading-title{padding:0;margin:0;line-height:1}.elementor-widget-heading .elementor-heading-title[class*=elementor-size-]>a{color:inherit;font-size:inherit;line-height:inherit}.elementor-widget-heading .elementor-heading-title.elementor-size-small{font-size:15px}.elementor-widget-heading .elementor-heading-title.elementor-size-medium{font-size:19px}.elementor-widget-heading .elementor-heading-title.elementor-size-large{font-size:29px}.elementor-widget-heading .elementor-heading-title.elementor-size-xl{font-size:39px}.elementor-widget-heading .elementor-heading-title.elementor-size-xxl{font-size:59px}<\/style><h1 class=\"elementor-heading-title elementor-size-default\">We have a<\/h1>\t\t<\/div>\n\t\t\t\t<\/div>\n\t\t\t\t<div class=\"elementor-element elementor-element-16b3db3 elementor-widget elementor-widget-heading\" data-id=\"16b3db3\" data-element_type=\"widget\" data-widget_type=\"heading.default\">\n\t\t\t\t<div class=\"elementor-widget-container\">\n\t\t\t<h2 class=\"elementor-heading-title elementor-size-default\">Commitment to sustainability<\/h2>\t\t<\/div>\n\t\t\t\t<\/div>\n\t\t\t\t<div class=\"elementor-element elementor-element-53743cd elementor-widget elementor-widget-text-editor\" data-id=\"53743cd\" data-element_type=\"widget\" data-widget_type=\"text-editor.default\">\n\t\t\t\t<div class=\"elementor-widget-container\">\n\t\t\t<style>\/*! elementor - v3.16.0 - 20-09-2023 *\/\n.elementor-widget-text-editor.elementor-drop-cap-view-stacked .elementor-drop-cap{background-color:#69727d;color:#fff}.elementor-widget-text-editor.elementor-drop-cap-view-framed .elementor-drop-cap{color:#69727d;border:3px solid;background-color:transparent}.elementor-widget-text-editor:not(.elementor-drop-cap-view-default) .elementor-drop-cap{margin-top:8px}.elementor-widget-text-editor:not(.elementor-drop-cap-view-default) .elementor-drop-cap-letter{width:1em;height:1em}.elementor-widget-text-editor .elementor-drop-cap{float:left;text-align:center;line-height:1;font-size:50px}.elementor-widget-text-editor .elementor-drop-cap-letter{display:inline-block}<\/style>\t\t\t\t<p>Somos uma empresa especializada na exporta\u00e7\u00e3o de produtos org\u00e2nicos e naturais do Brasil, e estamos empenhados em promover a sustentabilidade em todas as etapas do nosso processo. Nosso compromisso \u00e9 fornecer aos nossos clientes produtos de alta qualidade, produzidos de forma respons\u00e1vel e com rastreabilidade garantida.<\/p>\t\t\t\t\t\t<\/div>\n\t\t\t\t<\/div>\n\t\t\t\t<div class=\"elementor-element elementor-element-2a83525 elementor-widget-divider--view-line elementor-widget elementor-widget-divider\" data-id=\"2a83525\" data-element_type=\"widget\" data-widget_type=\"divider.default\">\n\t\t\t\t<div class=\"elementor-widget-container\">\n\t\t\t<style>\/*! elementor - v3.16.0 - 20-09-2023 *\/\n.elementor-widget-divider{--divider-border-style:none;--divider-border-width:1px;--divider-color:#0c0d0e;--divider-icon-size:20px;--divider-element-spacing:10px;--divider-pattern-height:24px;--divider-pattern-size:20px;--divider-pattern-url:none;--divider-pattern-repeat:repeat-x}.elementor-widget-divider .elementor-divider{display:flex}.elementor-widget-divider .elementor-divider__text{font-size:15px;line-height:1;max-width:95%}.elementor-widget-divider .elementor-divider__element{margin:0 var(--divider-element-spacing);flex-shrink:0}.elementor-widget-divider .elementor-icon{font-size:var(--divider-icon-size)}.elementor-widget-divider .elementor-divider-separator{display:flex;margin:0;direction:ltr}.elementor-widget-divider--view-line_icon .elementor-divider-separator,.elementor-widget-divider--view-line_text .elementor-divider-separator{align-items:center}.elementor-widget-divider--view-line_icon .elementor-divider-separator:after,.elementor-widget-divider--view-line_icon .elementor-divider-separator:before,.elementor-widget-divider--view-line_text .elementor-divider-separator:after,.elementor-widget-divider--view-line_text .elementor-divider-separator:before{display:block;content:\"\";border-bottom:0;flex-grow:1;border-top:var(--divider-border-width) var(--divider-border-style) var(--divider-color)}.elementor-widget-divider--element-align-left .elementor-divider .elementor-divider-separator>.elementor-divider__svg:first-of-type{flex-grow:0;flex-shrink:100}.elementor-widget-divider--element-align-left .elementor-divider-separator:before{content:none}.elementor-widget-divider--element-align-left .elementor-divider__element{margin-left:0}.elementor-widget-divider--element-align-right .elementor-divider .elementor-divider-separator>.elementor-divider__svg:last-of-type{flex-grow:0;flex-shrink:100}.elementor-widget-divider--element-align-right .elementor-divider-separator:after{content:none}.elementor-widget-divider--element-align-right .elementor-divider__element{margin-right:0}.elementor-widget-divider:not(.elementor-widget-divider--view-line_text):not(.elementor-widget-divider--view-line_icon) .elementor-divider-separator{border-top:var(--divider-border-width) var(--divider-border-style) var(--divider-color)}.elementor-widget-divider--separator-type-pattern{--divider-border-style:none}.elementor-widget-divider--separator-type-pattern.elementor-widget-divider--view-line .elementor-divider-separator,.elementor-widget-divider--separator-type-pattern:not(.elementor-widget-divider--view-line) .elementor-divider-separator:after,.elementor-widget-divider--separator-type-pattern:not(.elementor-widget-divider--view-line) .elementor-divider-separator:before,.elementor-widget-divider--separator-type-pattern:not([class*=elementor-widget-divider--view]) .elementor-divider-separator{width:100%;min-height:var(--divider-pattern-height);-webkit-mask-size:var(--divider-pattern-size) 100%;mask-size:var(--divider-pattern-size) 100%;-webkit-mask-repeat:var(--divider-pattern-repeat);mask-repeat:var(--divider-pattern-repeat);background-color:var(--divider-color);-webkit-mask-image:var(--divider-pattern-url);mask-image:var(--divider-pattern-url)}.elementor-widget-divider--no-spacing{--divider-pattern-size:auto}.elementor-widget-divider--bg-round{--divider-pattern-repeat:round}.rtl .elementor-widget-divider .elementor-divider__text{direction:rtl}.e-con-inner>.elementor-widget-divider,.e-con>.elementor-widget-divider{width:var(--container-widget-width,100%);--flex-grow:var(--container-widget-flex-grow)}<\/style>\t\t<div class=\"elementor-divider\">\n\t\t\t<span class=\"elementor-divider-separator\">\n\t\t\t\t\t\t<\/span>\n\t\t<\/div>\n\t\t\t\t<\/div>\n\t\t\t\t<\/div>\n\t\t\t\t\t<\/div>\n\t\t\t\t<\/div>\n\t\t\t\t<\/div>\n\t\t<div class=\"has_ae_slider elementor-element elementor-element-2482104 e-flex e-con-boxed ae-bg-gallery-type-default e-con e-parent\" data-id=\"2482104\" data-element_type=\"container\" data-settings=\"{&quot;content_width&quot;:&quot;boxed&quot;}\" data-core-v316-plus=\"true\">\n\t\t\t\t\t<div class=\"e-con-inner\">\n\t\t<div class=\"has_ae_slider elementor-element elementor-element-cc37b27 e-con-full e-flex ae-bg-gallery-type-default e-con e-child\" data-id=\"cc37b27\" data-element_type=\"container\" data-settings=\"{&quot;content_width&quot;:&quot;full&quot;}\">\n\t\t\t\t<div class=\"elementor-element elementor-element-d47ee8c elementor-widget elementor-widget-text-editor\" data-id=\"d47ee8c\" data-element_type=\"widget\" data-widget_type=\"text-editor.default\">\n\t\t\t\t<div class=\"elementor-widget-container\">\n\t\t\t\t\t\t\t<p>Inclu\u00edmos a sustentabilidade em todos os ciclos de nossas atividades. Com esse prop\u00f3sito, colaboramos com pequenos produtores que compartilham dos nossos mesmos valores e\u00a0trabalhamos no fortalecimento e acompanhamento dessa rede de colaboradores para alcan\u00e7armos um objetivo em comum: a produ\u00e7\u00e3o respons\u00e1vel de produtos naturais, completamente alinhada \u00e0 pr\u00e1ticas sustent\u00e1veis,\u00a0<span style=\"background-color: var(--bs-body-bg);\">o que, como consequ\u00eancia, resulta em atendermos aos mais altos padr\u00f5es internacionais de certifica\u00e7\u00e3o e qualidade.<\/span><\/p><p>Nessas quase duas d\u00e9cadas de atua\u00e7\u00e3o no mercado possu\u00edmos orgulhosamente um hist\u00f3rico de parcerias de longa data com empresas e cooperativas na elabora\u00e7\u00e3o e execu\u00e7\u00e3o de\u00a0<span style=\"background-color: var(--bs-body-bg);\">projetos que visam\u00a0<\/span><span style=\"background-color: var(--bs-body-bg);\">a expans\u00e3o da produ\u00e7\u00e3o org\u00e2nica<\/span><span style=\"background-color: var(--bs-body-bg);\">\u00a0e desenvolvimento de atividades de prote\u00e7\u00e3o ambiental<\/span><span style=\"background-color: var(--bs-body-bg);\">, o que nos proporcionou trocas de conhecimento e colabora\u00e7\u00e3o no progresso socioecon\u00f4mico de comunidades de pequenos produtores em diferentes regi\u00f5es do Brasil.<\/span><\/p>\t\t\t\t\t\t<\/div>\n\t\t\t\t<\/div>\n\t\t\t\t<\/div>\n\t\t<div class=\"has_ae_slider elementor-element elementor-element-3af4c72 e-flex e-con-boxed ae-bg-gallery-type-default e-con e-child\" data-id=\"3af4c72\" data-element_type=\"container\" data-settings=\"{&quot;content_width&quot;:&quot;boxed&quot;}\">\n\t\t\t\t\t<div class=\"e-con-inner\">\n\t\t\t\t<div class=\"elementor-element elementor-element-c6bf025 elementor-widget elementor-widget-image\" data-id=\"c6bf025\" data-element_type=\"widget\" data-widget_type=\"image.default\">\n\t\t\t\t<div class=\"elementor-widget-container\">\n\t\t\t<style>\/*! elementor - v3.16.0 - 20-09-2023 *\/\n.elementor-widget-image{text-align:center}.elementor-widget-image a{display:inline-block}.elementor-widget-image a img[src$=\".svg\"]{width:48px}.elementor-widget-image img{vertical-align:middle;display:inline-block}<\/style>\t\t\t\t\t\t\t\t\t\t\t\t<img decoding=\"async\" loading=\"lazy\" width=\"2560\" height=\"1713\" src=\"https:\/\/natorganico.com\/wp-content\/uploads\/2023\/11\/Holding-plant-scaled.jpg\" class=\"attachment-full size-full wp-image-1065\" alt=\"\" srcset=\"https:\/\/natorganico.com\/wp-content\/uploads\/2023\/11\/Holding-plant-scaled.jpg 2560w, https:\/\/natorganico.com\/wp-content\/uploads\/2023\/11\/Holding-plant-300x201.jpg 300w, https:\/\/natorganico.com\/wp-content\/uploads\/2023\/11\/Holding-plant-1024x685.jpg 1024w, https:\/\/natorganico.com\/wp-content\/uploads\/2023\/11\/Holding-plant-768x514.jpg 768w, https:\/\/natorganico.com\/wp-content\/uploads\/2023\/11\/Holding-plant-1536x1028.jpg 1536w, https:\/\/natorganico.com\/wp-content\/uploads\/2023\/11\/Holding-plant-2048x1370.jpg 2048w, https:\/\/natorganico.com\/wp-content\/uploads\/2023\/11\/Holding-plant-18x12.jpg 18w\" sizes=\"(max-width: 2560px) 100vw, 2560px\" \/>\t\t\t\t\t\t\t\t\t\t\t\t\t\t\t<\/div>\n\t\t\t\t<\/div>\n\t\t\t\t\t<\/div>\n\t\t\t\t<\/div>\n\t\t\t\t\t<\/div>\n\t\t\t\t<\/div>\n\t\t<div class=\"has_ae_slider elementor-element elementor-element-caacb9d e-flex e-con-boxed ae-bg-gallery-type-default e-con e-parent\" data-id=\"caacb9d\" data-element_type=\"container\" data-settings=\"{&quot;content_width&quot;:&quot;boxed&quot;}\" data-core-v316-plus=\"true\">\n\t\t\t\t\t<div class=\"e-con-inner\">\n\t\t\t\t<div class=\"elementor-element elementor-element-5d6aa84 elementor-widget elementor-widget-heading\" data-id=\"5d6aa84\" data-element_type=\"widget\" data-widget_type=\"heading.default\">\n\t\t\t\t<div class=\"elementor-widget-container\">\n\t\t\t<h3 class=\"elementor-heading-title elementor-size-default\">Nossos produtos org\u00e2nicos e naturais do Brasil possuem os mais prestigiosos certificados e selos dos mercados internacionais.<\/h3>\t\t<\/div>\n\t\t\t\t<\/div>\n\t\t\t\t\t<\/div>\n\t\t\t\t<\/div>\n\t\t<div class=\"has_ae_slider elementor-element elementor-element-7ab1646 e-flex e-con-boxed ae-bg-gallery-type-default e-con e-parent\" data-id=\"7ab1646\" data-element_type=\"container\" data-settings=\"{&quot;content_width&quot;:&quot;boxed&quot;}\" data-core-v316-plus=\"true\">\n\t\t\t\t\t<div class=\"e-con-inner\">\n\t\t<div class=\"has_ae_slider elementor-element elementor-element-e9bd96c linha-sustentabilidade e-flex e-con-boxed ae-bg-gallery-type-default e-con e-child\" data-id=\"e9bd96c\" data-element_type=\"container\" data-settings=\"{&quot;background_background&quot;:&quot;classic&quot;,&quot;content_width&quot;:&quot;boxed&quot;}\">\n\t\t\t\t\t<div class=\"e-con-inner\">\n\t\t<div class=\"has_ae_slider elementor-element elementor-element-da75b0d e-flex e-con-boxed ae-bg-gallery-type-default e-con e-child\" data-id=\"da75b0d\" data-element_type=\"container\" data-settings=\"{&quot;content_width&quot;:&quot;boxed&quot;}\">\n\t\t\t\t\t<div class=\"e-con-inner\">\n\t\t\t\t<div class=\"elementor-element elementor-element-e0f6876 elementor-widget elementor-widget-image\" data-id=\"e0f6876\" data-element_type=\"widget\" data-widget_type=\"image.default\">\n\t\t\t\t<div class=\"elementor-widget-container\">\n\t\t\t\t\t\t\t\t\t\t\t\t\t\t\t<img decoding=\"async\" loading=\"lazy\" width=\"132\" height=\"90\" src=\"https:\/\/natorganico.com\/wp-content\/uploads\/2023\/08\/Group-3.jpg\" class=\"attachment-full size-full wp-image-331\" alt=\"\" \/>\t\t\t\t\t\t\t\t\t\t\t\t\t\t\t<\/div>\n\t\t\t\t<\/div>\n\t\t\t\t<div class=\"elementor-element elementor-element-72d9499 elementor-widget elementor-widget-image\" data-id=\"72d9499\" data-element_type=\"widget\" data-widget_type=\"image.default\">\n\t\t\t\t<div class=\"elementor-widget-container\">\n\t\t\t\t\t\t\t\t\t\t\t\t\t\t\t<img decoding=\"async\" loading=\"lazy\" width=\"114\" height=\"114\" src=\"https:\/\/natorganico.com\/wp-content\/uploads\/2023\/08\/Group-6.png\" class=\"attachment-full size-full wp-image-332\" alt=\"\" \/>\t\t\t\t\t\t\t\t\t\t\t\t\t\t\t<\/div>\n\t\t\t\t<\/div>\n\t\t\t\t<div class=\"elementor-element elementor-element-ecc29fe elementor-widget elementor-widget-image\" data-id=\"ecc29fe\" data-element_type=\"widget\" data-widget_type=\"image.default\">\n\t\t\t\t<div class=\"elementor-widget-container\">\n\t\t\t\t\t\t\t\t\t\t\t\t\t\t\t<img decoding=\"async\" loading=\"lazy\" width=\"86\" height=\"115\" src=\"https:\/\/natorganico.com\/wp-content\/uploads\/2023\/08\/Group-5.png\" class=\"attachment-full size-full wp-image-333\" alt=\"\" \/>\t\t\t\t\t\t\t\t\t\t\t\t\t\t\t<\/div>\n\t\t\t\t<\/div>\n\t\t\t\t\t<\/div>\n\t\t\t\t<\/div>\n\t\t<div class=\"has_ae_slider elementor-element elementor-element-cf19958 e-flex e-con-boxed ae-bg-gallery-type-default e-con e-child\" data-id=\"cf19958\" data-element_type=\"container\" data-settings=\"{&quot;content_width&quot;:&quot;boxed&quot;}\">\n\t\t\t\t\t<div class=\"e-con-inner\">\n\t\t\t\t<div class=\"elementor-element elementor-element-08b5c88 elementor-widget elementor-widget-text-editor\" data-id=\"08b5c88\" data-element_type=\"widget\" id=\"text-sustentabilidade\" data-widget_type=\"text-editor.default\">\n\t\t\t\t<div class=\"elementor-widget-container\">\n\t\t\t\t\t\t\t<p>Somos especialistas na exporta\u00e7\u00e3o de produtos org\u00e2nicos e naturais do Brasil e estamos comprometidos em fornecer para os nossos clientes os melhores produtos do mercado. Nossos produtos possuem os mais altos certificados e selos dos mercados internacionais, o que comprova que nossas mat\u00e9rias-primas est\u00e3o de acordo com as melhores e mais sustent\u00e1veis pr\u00e1ticas agr\u00edcolas.<\/p>\t\t\t\t\t\t<\/div>\n\t\t\t\t<\/div>\n\t\t\t\t\t<\/div>\n\t\t\t\t<\/div>\n\t\t\t\t\t<\/div>\n\t\t\t\t<\/div>\n\t\t<div class=\"has_ae_slider elementor-element elementor-element-f769b3c linha-sustentabilidade e-flex e-con-boxed ae-bg-gallery-type-default e-con e-child\" data-id=\"f769b3c\" data-element_type=\"container\" data-settings=\"{&quot;background_background&quot;:&quot;classic&quot;,&quot;content_width&quot;:&quot;boxed&quot;}\">\n\t\t\t\t\t<div class=\"e-con-inner\">\n\t\t<div class=\"has_ae_slider elementor-element elementor-element-f2d625e e-flex e-con-boxed ae-bg-gallery-type-default e-con e-child\" data-id=\"f2d625e\" data-element_type=\"container\" data-settings=\"{&quot;content_width&quot;:&quot;boxed&quot;}\">\n\t\t\t\t\t<div class=\"e-con-inner\">\n\t\t\t\t<div class=\"elementor-element elementor-element-b46bc36 elementor-widget elementor-widget-image\" data-id=\"b46bc36\" data-element_type=\"widget\" data-widget_type=\"image.default\">\n\t\t\t\t<div class=\"elementor-widget-container\">\n\t\t\t\t\t\t\t\t\t\t\t\t\t\t\t<img decoding=\"async\" loading=\"lazy\" width=\"127\" height=\"144\" src=\"https:\/\/natorganico.com\/wp-content\/uploads\/2023\/08\/fairtrade.png\" class=\"attachment-full size-full wp-image-335\" alt=\"\" \/>\t\t\t\t\t\t\t\t\t\t\t\t\t\t\t<\/div>\n\t\t\t\t<\/div>\n\t\t\t\t\t<\/div>\n\t\t\t\t<\/div>\n\t\t<div class=\"has_ae_slider elementor-element elementor-element-0f20cad e-flex e-con-boxed ae-bg-gallery-type-default e-con e-child\" data-id=\"0f20cad\" data-element_type=\"container\" data-settings=\"{&quot;content_width&quot;:&quot;boxed&quot;}\">\n\t\t\t\t\t<div class=\"e-con-inner\">\n\t\t\t\t<div class=\"elementor-element elementor-element-e3751c2 elementor-widget elementor-widget-text-editor\" data-id=\"e3751c2\" data-element_type=\"widget\" id=\"text-sustentabilidade\" data-widget_type=\"text-editor.default\">\n\t\t\t\t<div class=\"elementor-widget-container\">\n\t\t\t\t\t\t\t<p>Furthermore, we are proudly certified by Fairtrade, a certification that reflects our commitment to valuing small producers and promoting fair trade relationships. By choosing Fairtrade certified products, our customers contribute to improving the living conditions of agricultural communities and sustainable development in producing regions.<\/p>\t\t\t\t\t\t<\/div>\n\t\t\t\t<\/div>\n\t\t\t\t\t<\/div>\n\t\t\t\t<\/div>\n\t\t\t\t\t<\/div>\n\t\t\t\t<\/div>\n\t\t\t\t\t<\/div>\n\t\t\t\t<\/div>\n\t\t<div class=\"has_ae_slider elementor-element elementor-element-7855f58 e-con-full e-flex ae-bg-gallery-type-default e-con e-parent\" data-id=\"7855f58\" data-element_type=\"container\" data-settings=\"{&quot;content_width&quot;:&quot;full&quot;}\" data-core-v316-plus=\"true\">\n\t\t\t\t<div class=\"elementor-element elementor-element-385d017 elementor-hidden-mobile elementor-widget elementor-widget-image\" data-id=\"385d017\" data-element_type=\"widget\" data-widget_type=\"image.default\">\n\t\t\t\t<div class=\"elementor-widget-container\">\n\t\t\t\t\t\t\t\t\t\t\t\t\t\t\t<img decoding=\"async\" loading=\"lazy\" width=\"1920\" height=\"671\" src=\"https:\/\/natorganico.com\/wp-content\/uploads\/2023\/08\/nat-sustentabilidade-web.webp\" class=\"attachment-full size-full wp-image-338\" alt=\"\" srcset=\"https:\/\/natorganico.com\/wp-content\/uploads\/2023\/08\/nat-sustentabilidade-web.webp 1920w, https:\/\/natorganico.com\/wp-content\/uploads\/2023\/08\/nat-sustentabilidade-web-300x105.webp 300w, https:\/\/natorganico.com\/wp-content\/uploads\/2023\/08\/nat-sustentabilidade-web-1024x358.webp 1024w, https:\/\/natorganico.com\/wp-content\/uploads\/2023\/08\/nat-sustentabilidade-web-768x268.webp 768w, https:\/\/natorganico.com\/wp-content\/uploads\/2023\/08\/nat-sustentabilidade-web-1536x537.webp 1536w\" sizes=\"(max-width: 1920px) 100vw, 1920px\" \/>\t\t\t\t\t\t\t\t\t\t\t\t\t\t\t<\/div>\n\t\t\t\t<\/div>\n\t\t\t\t<\/div>\n\t\t\t\t\t\t\t<\/div>","protected":false},"excerpt":{"rendered":"<p>Temos um Compromisso com a sustentabilidade Somos uma empresa especializada na exporta\u00e7\u00e3o de produtos org\u00e2nicos e naturais do Brasil, e estamos empenhados em promover a sustentabilidade em todas as etapas do nosso processo. Nosso compromisso \u00e9 fornecer aos nossos clientes produtos de alta qualidade, produzidos de forma respons\u00e1vel e com rastreabilidade garantida. Inclu\u00edmos a sustentabilidade [&hellip;]<\/p>","protected":false},"author":2,"featured_media":0,"parent":0,"menu_order":0,"comment_status":"closed","ping_status":"closed","template":"","meta":{"footnotes":""},"_links":{"self":[{"href":"https:\/\/natorganico.com\/en\/wp-json\/wp\/v2\/pages\/324"}],"collection":[{"href":"https:\/\/natorganico.com\/en\/wp-json\/wp\/v2\/pages"}],"about":[{"href":"https:\/\/natorganico.com\/en\/wp-json\/wp\/v2\/types\/page"}],"author":[{"embeddable":true,"href":"https:\/\/natorganico.com\/en\/wp-json\/wp\/v2\/users\/2"}],"replies":[{"embeddable":true,"href":"https:\/\/natorganico.com\/en\/wp-json\/wp\/v2\/comments?post=324"}],"version-history":[{"count":73,"href":"https:\/\/natorganico.com\/en\/wp-json\/wp\/v2\/pages\/324\/revisions"}],"predecessor-version":[{"id":1107,"href":"https:\/\/natorganico.com\/en\/wp-json\/wp\/v2\/pages\/324\/revisions\/1107"}],"wp:attachment":[{"href":"https:\/\/natorganico.com\/en\/wp-json\/wp\/v2\/media?parent=324"}],"curies":[{"name":"wp","href":"https:\/\/api.w.org\/{rel}","templated":true}]}}